{"id":1634,"date":"2022-11-15T15:16:05","date_gmt":"2022-11-15T21:16:05","guid":{"rendered":"https:\/\/yachtsvallarta.com\/?page_id=1634"},"modified":"2023-04-05T17:25:36","modified_gmt":"2023-04-05T23:25:36","slug":"terms-ans-conditions","status":"publish","type":"page","link":"https:\/\/yachtsvallarta.com\/es\/terms-ans-conditions\/","title":{"rendered":"T\u00e9rminos y condiciones"},"content":{"rendered":"<div data-elementor-type=\"wp-page\" data-elementor-id=\"1634\" class=\"elementor elementor-1634\" data-elementor-post-type=\"page\">\n\t\t\t\t\t\t<section class=\"elementor-section elementor-top-section elementor-element elementor-element-7c5e343 elementor-section-height-min-height elementor-section-boxed elementor-section-height-default elementor-section-items-middle\" data-id=\"7c5e343\" data-element_type=\"section\" data-e-type=\"section\" data-settings=\"{&quot;background_background&quot;:&quot;classic&quot;}\">\n\t\t\t\t\t\t\t<div class=\"elementor-background-overlay\"><\/div>\n\t\t\t\t\t\t\t<div class=\"elementor-container elementor-column-gap-default\">\n\t\t\t\t\t<div class=\"elementor-column elementor-col-100 elementor-top-column elementor-element elementor-element-3c7441a\" data-id=\"3c7441a\" data-element_type=\"column\" data-e-type=\"column\">\n\t\t\t<div class=\"elementor-widget-wrap elementor-element-populated\">\n\t\t\t\t\t\t<div class=\"elementor-element elementor-element-0e1fb49 elementor-widget elementor-widget-heading\" data-id=\"0e1fb49\" data-element_type=\"widget\" data-e-type=\"widget\" data-widget_type=\"heading.default\">\n\t\t\t\t\t<h1 class=\"elementor-heading-title elementor-size-default\">Terms &amp; Conditions<\/h1>\t\t\t\t<\/div>\n\t\t\t\t<div class=\"elementor-element elementor-element-e9e837b elementor-widget-divider--view-line elementor-widget elementor-widget-divider\" data-id=\"e9e837b\" data-element_type=\"widget\" data-e-type=\"widget\" data-widget_type=\"divider.default\">\n\t\t\t\t\t\t\t<div class=\"elementor-divider\">\n\t\t\t<span class=\"elementor-divider-separator\">\n\t\t\t\t\t\t<\/span>\n\t\t<\/div>\n\t\t\t\t\t\t<\/div>\n\t\t\t\t\t<\/div>\n\t\t<\/div>\n\t\t\t\t\t<\/div>\n\t\t<\/section>\n\t\t\t\t<section class=\"elementor-section elementor-top-section elementor-element elementor-element-bb09848 elementor-section-boxed elementor-section-height-default elementor-section-height-default\" data-id=\"bb09848\" data-element_type=\"section\" data-e-type=\"section\">\n\t\t\t\t\t\t<div class=\"elementor-container elementor-column-gap-default\">\n\t\t\t\t\t<div class=\"elementor-column elementor-col-100 elementor-top-column elementor-element elementor-element-d256528\" data-id=\"d256528\" data-element_type=\"column\" data-e-type=\"column\">\n\t\t\t<div class=\"elementor-widget-wrap elementor-element-populated\">\n\t\t\t\t\t\t<div class=\"elementor-element elementor-element-deededd elementor-widget elementor-widget-spacer\" data-id=\"deededd\" data-element_type=\"widget\" data-e-type=\"widget\" data-widget_type=\"spacer.default\">\n\t\t\t\t\t\t\t<div class=\"elementor-spacer\">\n\t\t\t<div class=\"elementor-spacer-inner\"><\/div>\n\t\t<\/div>\n\t\t\t\t\t\t<\/div>\n\t\t\t\t<div class=\"elementor-element elementor-element-25e893d elementor-widget elementor-widget-text-editor\" data-id=\"25e893d\" data-element_type=\"widget\" data-e-type=\"widget\" data-widget_type=\"text-editor.default\">\n\t\t\t\t\t\t\t\t\t<ol><li><strong>VELOCIDAD DE CRUCERO. <\/strong>La Embarcaci\u00f3n operar\u00e1 a la Velocidad de Crucero indicada, sea el viaje de pesca o de recreo, ver la descripci\u00f3n del folleto correspondiente a la embarcaci\u00f3n. Cuando el cliente exige acelerar, el barco puede hacerlo y est\u00e1 permitido; aplicar\u00e1 un cargo por el costo adicional de consumo de combustible, generado por la hora o fracci\u00f3n de hora del tiempo que la embarcaci\u00f3n naveg\u00f3 a esta mayor velocidad.<br \/><br \/><\/li><li><strong>PAGO:<\/strong> Las Reservas de Paseos en Barco no ser\u00e1n V\u00e1lidas si el dep\u00f3sito de Confirmaci\u00f3n de Reserva no se paga en su totalidad. Asimismo, el saldo adeudado por el viaje debe ser pagado en su totalidad antes de la salida, de lo contrario, el viaje ser\u00e1 cancelado y no se emitir\u00e1 ning\u00fan reembolso.<br \/><br \/><\/li><li><strong>CANCELACIONES Y RETENCI\u00d3N DE DISPONIBILIDAD:<br \/><br \/><\/strong>a. <strong>CASO 1:<\/strong> Reserva pagada y confirmada dentro de los 10 d\u00edas posteriores a la fecha de alquiler. NO habr\u00e1 Penalizaci\u00f3n si la cancelaci\u00f3n se realiza con 72 hrs de anticipaci\u00f3n. Cancelaci\u00f3n con menos de 72 hrs de anticipaci\u00f3n aplicar\u00e1 hasta 50% del Costo Total del Charteo y la cancelaci\u00f3n con menos de 24 hrs de anticipaci\u00f3n o \u201cNo Show\u201d implicar\u00e1 no reembolso.<br \/>b. <strong>CASO 2:<\/strong> Reserva pagada y confirmada entre 10 y 30 d\u00edas antes de la fecha de alquiler. NO habr\u00e1 Penalidad si el aviso de cancelaci\u00f3n es hasta 10 d\u00edas antes de la fecha de alquiler, de lo contrario no se reembolsar\u00e1 el Dep\u00f3sito de Confirmaci\u00f3n de Reserva.<br \/>c. <strong>CASO 3:<\/strong> Reserva pagada y confirmada entre 30 d\u00edas y 6 meses antes de la fecha de alquiler. NO habr\u00e1 Penalizaci\u00f3n si el aviso de cancelaci\u00f3n es hasta 30 d\u00edas antes de la fecha de alquiler, de lo contrario, se cobrar\u00e1 una Penalizaci\u00f3n de 20% del Costo Total del Alquiler debido a la Retenci\u00f3n de Disponibilidad del Barco.<br \/>d.<strong> Vacaciones y fechas seleccionadas:<\/strong> No habr\u00e1 reembolso por cancelaciones durante fines de semana largos, feriados especiales, Semana Santa y, del 22 de diciembre al 7 de enero.<br \/>e. <strong>Si el motivo que gener\u00f3 la Cancelaci\u00f3n es Extraordinario o Extremo<\/strong>, una raz\u00f3n por la cual <em><strong>Yates Vallart<\/strong><\/em>a puede requerir evidencia y\/o soporte escrito, esto ser\u00e1 resuelto por todas las partes involucradas (Cliente \/ Agente \/ Yachts Vallarta) de mutuo acuerdo en el conocimiento de que no podr\u00eda haber montos reembolsables debido a los gastos incurridos y realizados en la prestaci\u00f3n del servicio. Cuando la raz\u00f3n por cancelaci\u00f3n se justifique, se procede primeramente en ofrecer otra\nfecha disponible para su viaje, como segunda opci\u00f3n ofrecemos un certificado de Viaje con validez de hasta un a\u00f1o que le permite al cliente congelar su tarifa y gozar\ndel beneficio en una fecha futura que se ajuste a sus necesidades. Las Cancelaciones por COVID, ser\u00e1n analizadas individualmente como lleguen, considerando los\nCASOS antes mencionados y los Protocolos de Salud vigentes en esta materia<br \/><br \/><\/li><li><strong>SALIDAS TARDE: <\/strong>El tiempo de alquiler del barco cuenta con la salida programada, ya sea que los pasajeros est\u00e9n a bordo o no. Si hay una salida tard\u00eda debido a un retraso de uno o<br \/>varios pasajeros, el viaje se completar\u00e1 de acuerdo al tiempo restante del ch\u00e1rter.<br \/><br \/><\/li><li><strong>CLIMA:\u00a0<\/strong>El barco sale sin importar el clima, llueva o truene, A MENOS QUE el Puerto o la Navegaci\u00f3n Mar\u00edtima est\u00e9n cerrados o restringidos; si se permite la navegaci\u00f3n dentro de la bah\u00eda, el plan de ruta y los destinos se acortar\u00e1n o ajustar\u00e1n para que coincidan con un ch\u00e1rter, y se emitir\u00e1 un reembolso por la diferencia pagada, si corresponde. La lluvia no constituye motivo de cancelaci\u00f3n o reprogramaci\u00f3n en la mayor\u00eda de los escenarios. Si el puerto est\u00e1 cerrado o la navegaci\u00f3n mar\u00edtima est\u00e1 restringida debido a una condici\u00f3n clim\u00e1tica extrema, como un hurac\u00e1n, tormenta el\u00e9ctrica o tornado cuando es un peligro estar en el agua, <em><strong>Yachts Vallarta <\/strong><\/em>se reserva el derecho de reprogramar el ch\u00e1rter sin cargo ni penalizaci\u00f3n adicional.<br \/><br \/><\/li><li><strong>REEMBOLSOS Y REPROGRAMACIONES:\u00a0<\/strong>El Capit\u00e1n tiene la decisi\u00f3n final de determinar si un ch\u00e1rter debe ser reprogramado o cancelado debido a las condiciones mencionadas anteriormente, pudiendo aplicar un reembolso total o parcial de acuerdo a cada circunstancia.<\/li><li>No habr\u00e1 reembolso debido a mareos que ocurran en cualquier momento del\nviaje; una vez que la embarcaci\u00f3n regresa a Puerto, cualquier salida posterior en el mismo d\u00eda se considera como un charteo y servicio independiente.<br \/>.<br \/><br \/><\/li><li><strong>RESPONSABILIDAD A BORDO:<\/strong> Los clientes aceptan la responsabilidad por los da\u00f1os o la p\u00e9rdida del equipo debido a negligencia y, si corresponde, se requerir\u00e1 un comprobante de tarjeta de cr\u00e9dito abierto o dep\u00f3sito seguro al firmar un contrato de servicio. <em><strong>Yachts Vallarta<\/strong><\/em> es responsable de la seguridad y el transporte seguro de sus pasajeros y ofrece un seguro de responsabilidad civil para pasajeros de cobertura completa para cada ch\u00e1rter operado. Los pasajeros deben seguir estrictamente las \u00f3rdenes del Capit\u00e1n y las instrucciones de la tripulaci\u00f3n para participar en un viaje seguro.<br \/><br \/><\/li><li><strong>RESPONSABILIDAD INFANTIL:<\/strong> Los ni\u00f1os a bordo son supervisados por miembros de la tripulaci\u00f3n la mayor parte del tiempo, sin embargo viajan bajo la responsabilidad y fuerte supervisi\u00f3n de sus padres a bordo, en el mar y en tierra; por lo tanto <em><strong>Yachts Vallarta<\/strong><\/em> no asume ninguna responsabilidad en este asunto.<br \/><br \/><\/li><li><strong>\u00a0HORAS EXTRA:\u00a0 <\/strong>. Las horas adicionales podr\u00e1n ser solicitadas con el Capit\u00e1n durante el viaje y hasta antes de que la embarcaci\u00f3n est\u00e9 camino de regreso o por arribar a Puerto.\nA fin de brindarle al cliente un excelente servicio en cada charteo, recomendamos ampliamente informarnos antes de zarpar si desean extender el tiempo de estancia de su viaje.\nEl costo de cada hora adicional depender\u00e1 de cada embarcaci\u00f3n y del prop\u00f3sito de extender el tiempo.<\/li><li><strong>ALCOHOL Y COMPORTAMIENTO:<\/strong> El Capit\u00e1n de la Nave tiene la facultad de cancelar el viaje si la conducta de alg\u00fan pasajero pusiera en peligro la integridad de la nave o de sus ocupantes mediante acciones indebidas o incoherentes contrarias al servicio para el que ha sido contratado la nave, no habr\u00e1 reembolso y, en su caso. , el Capit\u00e1n podr\u00e1 tener la obligaci\u00f3n de dar aviso a la Capitan\u00eda Mar\u00edtima si durante el viaje se est\u00e1 realizando alguna actividad il\u00edcita por parte de alg\u00fan pasajero.<br \/><br \/><\/li><li><strong>DROGAS Y ARMAS:<\/strong> es la politica de <em><strong>Yachts Vallarta<\/strong><\/em> prohibir la posesi\u00f3n y\/o uso de drogas y armas a bordo de cualquiera de nuestras embarcaciones. . Si alg\u00fan pasajero es\nsorprendido portando y\/o usando cualquier tipo de droga y\/o arma durante el viaje, el capit\u00e1n regresar\u00e1 inmediatamente a Puerto a Costo del Cliente y se dar\u00e1 parte a las\nAutoridades Correspondientes.<br \/><br \/><\/li><li><strong>CAMAROTES:<\/strong> Tanto los Ba\u00f1os como los camarotes de los barcos son LUGARES DE NO FUMADORES. Durante el viaje, queda prohibido su uso para actividades il\u00edcitas tales como Uso de drogas y\/o armas, sexo con menores de edad, y maneras indebidas no especificadas en este acuerdo que, en general, puedan da\u00f1ar total o parcialmente la reputaci\u00f3n de <em><strong>Yachts Vallarta<\/strong><\/em>, o bien, el estado actual de la embarcaci\u00f3n: muebles, art\u00edculos de decoraci\u00f3n, tapicer\u00eda, aparatos electr\u00f3nicos, alfombras, espejos o la utiler\u00eda. El coste de los art\u00edculos faltantes y\/o reparaci\u00f3n de los da\u00f1ados correr\u00e1 a cargo del cliente.<br \/><br \/><\/li><li><strong>MASCOTAS.<\/strong> No se permiten mascotas a bordo de la mayor\u00eda de nuestros barcos; consulte a su Concierge o agente de viajes antes de hacer una reserva.<br \/><br \/><\/li><li><strong>SALIDAS DE PESCA.<\/strong> Los horarios de salida durante la temporada de Lluvias (Mayo a Octubre) est\u00e1n sujetos a la visibilidad en el mar por la madrugada, a la hora de salida del Sol, la distancia hasta el punto de encuentro para el embarque y el tipo de charteo solicitado (4, 6, 8hrs,\u2026). Esto es debido al alto riesgo que existe de que alguna de las embarcaciones sufra da\u00f1os por chocar con objetos flotantes no visibles, que son arrastrados r\u00edo abajo hacia el mar durante las lluvias constantes o fuertes, y que son la causa de muchas de las ausencias de llegada de los barcos, retrasos o re-agenda de salida de los viajes. Los clientes, agentes de viajes, as\u00ed como Concierges, tienen que tener en mente que la comunicaci\u00f3n entre nosotros es primordial en las primeras horas del d\u00eda, de lo contrario el cliente deber\u00e1 ser provisto de un n\u00famero telef\u00f3nico de contacto de alguno los miembros de nuestro personal operativo a cargo del embarque y despacho del viaje o viceversa. Un agente de reservaciones informar\u00e1 el mejor horario de salida para su viaje en cada caso.<\/li><\/ol>\t\t\t\t\t\t\t\t<\/div>\n\t\t\t\t<div class=\"elementor-element elementor-element-c7a36c6 elementor-widget elementor-widget-spacer\" data-id=\"c7a36c6\" data-element_type=\"widget\" data-e-type=\"widget\" data-widget_type=\"spacer.default\">\n\t\t\t\t\t\t\t<div class=\"elementor-spacer\">\n\t\t\t<div class=\"elementor-spacer-inner\"><\/div>\n\t\t<\/div>\n\t\t\t\t\t\t<\/div>\n\t\t\t\t\t<\/div>\n\t\t<\/div>\n\t\t\t\t\t<\/div>\n\t\t<\/section>\n\t\t\t\t<\/div>","protected":false},"excerpt":{"rendered":"<p>Terms &#038; Conditions CRUISING SPEED. The Boat will operate at the stated Cruising Speed, be the trip a fishing or a recreational one, see the brochure description corresponding to the boat. When the client demands to speed up, the boat can perform and it is permitted; it will apply a charge for the additional fuel [&hellip;]<\/p>\n","protected":false},"author":3,"featured_media":2341,"parent":0,"menu_order":0,"comment_status":"closed","ping_status":"closed","template":"","meta":{"footnotes":""},"class_list":["post-1634","page","type-page","status-publish","has-post-thumbnail","hentry"],"_links":{"self":[{"href":"https:\/\/yachtsvallarta.com\/es\/wp-json\/wp\/v2\/pages\/1634","targetHints":{"allow":["GET"]}}],"collection":[{"href":"https:\/\/yachtsvallarta.com\/es\/wp-json\/wp\/v2\/pages"}],"about":[{"href":"https:\/\/yachtsvallarta.com\/es\/wp-json\/wp\/v2\/types\/page"}],"author":[{"embeddable":true,"href":"https:\/\/yachtsvallarta.com\/es\/wp-json\/wp\/v2\/users\/3"}],"replies":[{"embeddable":true,"href":"https:\/\/yachtsvallarta.com\/es\/wp-json\/wp\/v2\/comments?post=1634"}],"version-history":[{"count":0,"href":"https:\/\/yachtsvallarta.com\/es\/wp-json\/wp\/v2\/pages\/1634\/revisions"}],"wp:featuredmedia":[{"embeddable":true,"href":"https:\/\/yachtsvallarta.com\/es\/wp-json\/wp\/v2\/media\/2341"}],"wp:attachment":[{"href":"https:\/\/yachtsvallarta.com\/es\/wp-json\/wp\/v2\/media?parent=1634"}],"curies":[{"name":"wp","href":"https:\/\/api.w.org\/{rel}","templated":true}]}}