{"id":205,"date":"2022-10-27T02:35:50","date_gmt":"2022-10-27T08:35:50","guid":{"rendered":"https:\/\/yachts.officeweb.com.mx\/?page_id=205"},"modified":"2022-12-07T05:27:24","modified_gmt":"2022-12-07T11:27:24","slug":"about-us","status":"publish","type":"page","link":"https:\/\/yachtsvallarta.com\/es\/about-us\/","title":{"rendered":"Sobre nosotros"},"content":{"rendered":"<div data-elementor-type=\"wp-page\" data-elementor-id=\"205\" class=\"elementor elementor-205\" data-elementor-post-type=\"page\">\n\t\t\t\t\t\t<section class=\"elementor-section elementor-top-section elementor-element elementor-element-ac70e5a elementor-section-height-min-height elementor-section-boxed elementor-section-height-default elementor-section-items-middle\" data-id=\"ac70e5a\" data-element_type=\"section\" data-e-type=\"section\" data-settings=\"{&quot;background_background&quot;:&quot;classic&quot;}\">\n\t\t\t\t\t\t\t<div class=\"elementor-background-overlay\"><\/div>\n\t\t\t\t\t\t\t<div class=\"elementor-container elementor-column-gap-default\">\n\t\t\t\t\t<div class=\"elementor-column elementor-col-100 elementor-top-column elementor-element elementor-element-b17e789\" data-id=\"b17e789\" data-element_type=\"column\" data-e-type=\"column\">\n\t\t\t<div class=\"elementor-widget-wrap elementor-element-populated\">\n\t\t\t\t\t\t<div class=\"elementor-element elementor-element-a5881f0 elementor-widget-divider--view-line elementor-widget elementor-widget-divider\" data-id=\"a5881f0\" data-element_type=\"widget\" data-e-type=\"widget\" data-widget_type=\"divider.default\">\n\t\t\t\t\t\t\t<div class=\"elementor-divider\">\n\t\t\t<span class=\"elementor-divider-separator\">\n\t\t\t\t\t\t<\/span>\n\t\t<\/div>\n\t\t\t\t\t\t<\/div>\n\t\t\t\t\t<\/div>\n\t\t<\/div>\n\t\t\t\t\t<\/div>\n\t\t<\/section>\n\t\t\t\t<section class=\"elementor-section elementor-top-section elementor-element elementor-element-f50921a elementor-section-boxed elementor-section-height-default elementor-section-height-default\" data-id=\"f50921a\" data-element_type=\"section\" data-e-type=\"section\">\n\t\t\t\t\t\t<div class=\"elementor-container elementor-column-gap-default\">\n\t\t\t\t\t<div class=\"elementor-column elementor-col-100 elementor-top-column elementor-element elementor-element-81e426a\" data-id=\"81e426a\" data-element_type=\"column\" data-e-type=\"column\">\n\t\t\t<div class=\"elementor-widget-wrap elementor-element-populated\">\n\t\t\t\t\t\t<div class=\"elementor-element elementor-element-643b141 elementor-widget elementor-widget-spacer\" data-id=\"643b141\" data-element_type=\"widget\" data-e-type=\"widget\" data-widget_type=\"spacer.default\">\n\t\t\t\t\t\t\t<div class=\"elementor-spacer\">\n\t\t\t<div class=\"elementor-spacer-inner\"><\/div>\n\t\t<\/div>\n\t\t\t\t\t\t<\/div>\n\t\t\t\t<div class=\"elementor-element elementor-element-7b5e2b0 elementor-widget elementor-widget-text-editor\" data-id=\"7b5e2b0\" data-element_type=\"widget\" data-e-type=\"widget\" data-widget_type=\"text-editor.default\">\n\t\t\t\t\t\t\t\t\t<p>Yachts Vallarta ofrece un portafolio de posibilidades y sue\u00f1os por hacer realidad dentro del entorno n\u00e1utico de Bah\u00eda de Banderas. Nuestra filosof\u00eda y misi\u00f3n, es lograr la satisfacci\u00f3n total del cliente a trav\u00e9s de un servicio personalizado y detallado en cada uno de los charters y embarcaciones que operamos.<\/p><p>La sensaci\u00f3n de libertad al pasear en un yate no tiene comparaci\u00f3n. Es explorar, descubrir y vivir una experiencia singular de una manera elegante y exclusiva.<\/p><p>Trabajamos para que el alquiler de su yate sea f\u00e1cil, relajado y totalmente placentero para que su pr\u00f3xima aventura, retiro de negocios, viaje familiar o celebraci\u00f3n de una fecha especial a bordo sea un placer para todos sus sentidos.<\/p><p>Yachts Vallarta es la conexi\u00f3n con el para\u00edso n\u00e1utico de Bah\u00eda de Banderas.<\/p>\t\t\t\t\t\t\t\t<\/div>\n\t\t\t\t\t<\/div>\n\t\t<\/div>\n\t\t\t\t\t<\/div>\n\t\t<\/section>\n\t\t\t\t<\/div>","protected":false},"excerpt":{"rendered":"<p>Yachts vallarta offers a portfolio of possibilities and dreams to come true within the nautical environment of banderas bay. Our philosophy and mission, is to accomplish a total customer satisfaction through personalized and detailed serviced in each of the charters and vessels we operate. The freedom of your yacht has no parallel in exploring, discovering [&hellip;]<\/p>\n","protected":false},"author":3,"featured_media":48,"parent":0,"menu_order":0,"comment_status":"closed","ping_status":"closed","template":"","meta":{"footnotes":""},"class_list":["post-205","page","type-page","status-publish","has-post-thumbnail","hentry"],"_links":{"self":[{"href":"https:\/\/yachtsvallarta.com\/es\/wp-json\/wp\/v2\/pages\/205","targetHints":{"allow":["GET"]}}],"collection":[{"href":"https:\/\/yachtsvallarta.com\/es\/wp-json\/wp\/v2\/pages"}],"about":[{"href":"https:\/\/yachtsvallarta.com\/es\/wp-json\/wp\/v2\/types\/page"}],"author":[{"embeddable":true,"href":"https:\/\/yachtsvallarta.com\/es\/wp-json\/wp\/v2\/users\/3"}],"replies":[{"embeddable":true,"href":"https:\/\/yachtsvallarta.com\/es\/wp-json\/wp\/v2\/comments?post=205"}],"version-history":[{"count":0,"href":"https:\/\/yachtsvallarta.com\/es\/wp-json\/wp\/v2\/pages\/205\/revisions"}],"wp:featuredmedia":[{"embeddable":true,"href":"https:\/\/yachtsvallarta.com\/es\/wp-json\/wp\/v2\/media\/48"}],"wp:attachment":[{"href":"https:\/\/yachtsvallarta.com\/es\/wp-json\/wp\/v2\/media?parent=205"}],"curies":[{"name":"wp","href":"https:\/\/api.w.org\/{rel}","templated":true}]}}